{"id":990892,"date":"2025-08-19T08:53:11","date_gmt":"2025-08-19T08:53:11","guid":{"rendered":"https:\/\/akveninsaat.com.tr\/chairmans-message\/"},"modified":"2025-10-15T13:20:47","modified_gmt":"2025-10-15T13:20:47","slug":"chairmans-message","status":"publish","type":"page","link":"https:\/\/akveninsaat.com.tr\/en\/chairmans-message\/","title":{"rendered":"Chairman&#8217;s Message"},"content":{"rendered":"\t\t<div data-elementor-type=\"wp-page\" data-elementor-id=\"990892\" class=\"elementor elementor-990892 elementor-987841\" data-elementor-post-type=\"page\">\n\t\t\t\t<div class=\"elementor-element elementor-element-4fd34af8 e-flex e-con-boxed e-con e-parent\" data-id=\"4fd34af8\" data-element_type=\"container\" data-settings=\"{&quot;background_background&quot;:&quot;classic&quot;}\">\n\t\t\t\t\t<div class=\"e-con-inner\">\n\t\t<div class=\"elementor-element elementor-element-7c990aca e-con-full e-flex e-con e-child\" data-id=\"7c990aca\" data-element_type=\"container\">\n\t\t\t\t<div class=\"elementor-element elementor-element-035a0c3 elementor-widget elementor-widget-heading\" data-id=\"035a0c3\" data-element_type=\"widget\" data-widget_type=\"heading.default\">\n\t\t\t\t\t<h1 class=\"elementor-heading-title elementor-size-default\">Chairman's Message<\/h1>\t\t\t\t<\/div>\n\t\t\t\t<div class=\"elementor-element elementor-element-2fc3b74a elementor-invisible elementor-widget elementor-widget-text-editor\" data-id=\"2fc3b74a\" data-element_type=\"widget\" data-settings=\"{&quot;_animation&quot;:&quot;fadeIn&quot;,&quot;_animation_delay&quot;:50}\" data-widget_type=\"text-editor.default\">\n\t\t\t\t\t\t\t\t\t<p data-start=\"91\" data-end=\"666\">Since its establishment, Akven has continued on its path not only by following developments in the sector but also with a vision that pioneers innovations. Our essential principle is to create value without compromising on reliability, quality, and sustainability. <\/p><p data-start=\"91\" data-end=\"666\">In each of our projects, we aim to meet the needs of the future by combining technology and modern design. At the point we have reached today, with our strong infrastructure, experienced human resources, and innovative solutions, we carry the responsibility of leaving lasting works not only for today but also for tomorrow. <\/p><p data-start=\"668\" data-end=\"1042\">Undoubtedly, the most important factor strengthening our presence in the sector is the trust you place in us. The synergy we create with our business partners, customers, and employees forms the foundation of our growth and success. We continue to work with transparency, ethical values, and a high-quality understanding to ensure this trust is not left unrequited.  <\/p><p data-start=\"1044\" data-end=\"1343\">We consider it our duty not only to generate economic value but also to contribute to society, the environment, and future generations. With this understanding, we embrace sustainability principles and take care to develop more environmentally friendly, innovative, and human-centered approaches in each of our projects. <\/p><p data-start=\"1345\" data-end=\"1764\">Our goal for the future is to reach an even stronger position in our sector, to carry the success we have achieved on a national scale to the international arena, and to be a continuously developing, trustworthy brand together with you.<br data-start=\"1557\" data-end=\"1560\">I would like to thank all our employees, business partners, and valued customers who trust us and walk alongside us on this journey. I sincerely believe that we will achieve even greater successes together.<\/p>\t\t\t\t\t\t\t\t<\/div>\n\t\t<div class=\"elementor-element elementor-element-79f2eda4 e-con-full e-flex e-con e-child\" data-id=\"79f2eda4\" data-element_type=\"container\">\n\t\t<div class=\"elementor-element elementor-element-4714b053 elementor-invisible e-con-full animated-fast e-flex e-con e-child\" data-id=\"4714b053\" data-element_type=\"container\" data-settings=\"{&quot;animation&quot;:&quot;fadeInUp&quot;}\">\n\t\t\t\t<div class=\"elementor-element elementor-element-7cffa61f elementor-widget elementor-widget-heading\" data-id=\"7cffa61f\" data-element_type=\"widget\" data-widget_type=\"heading.default\">\n\t\t\t\t\t<span class=\"elementor-heading-title elementor-size-default\">Volkan G\u00dcM\u00dc\u015e<\/span>\t\t\t\t<\/div>\n\t\t\t\t<div class=\"elementor-element elementor-element-652513c9 elementor-widget elementor-widget-heading\" data-id=\"652513c9\" data-element_type=\"widget\" data-widget_type=\"heading.default\">\n\t\t\t\t\t<span class=\"elementor-heading-title elementor-size-default\">Chairman of the Board<\/span>\t\t\t\t<\/div>\n\t\t\t\t<\/div>\n\t\t\t\t<\/div>\n\t\t\t\t<\/div>\n\t\t<div class=\"elementor-element elementor-element-484f2eb0 e-con-full e-flex e-con e-child\" data-id=\"484f2eb0\" data-element_type=\"container\" data-settings=\"{&quot;background_background&quot;:&quot;classic&quot;}\">\n\t\t\t\t<\/div>\n\t\t\t\t\t<\/div>\n\t\t\t\t<\/div>\n\t\t\t\t<\/div>\n\t\t","protected":false},"excerpt":{"rendered":"<p>Chairman&#8217;s Message Since its establishment, Akven has continued on its path not only by following developments in the sector but also with a vision that pioneers innovations. Our essential principle is to create value without compromising on reliability, quality, and sustainability. In each of our projects, we aim to meet the needs of the future&#8230;<\/p>\n","protected":false},"author":1,"featured_media":0,"parent":0,"menu_order":0,"comment_status":"closed","ping_status":"closed","template":"elementor_header_footer","meta":{"_acf_changed":false,"footnotes":""},"class_list":["post-990892","page","type-page","status-publish","hentry"],"acf":[],"_links":{"self":[{"href":"https:\/\/akveninsaat.com.tr\/en\/wp-json\/wp\/v2\/pages\/990892","targetHints":{"allow":["GET"]}}],"collection":[{"href":"https:\/\/akveninsaat.com.tr\/en\/wp-json\/wp\/v2\/pages"}],"about":[{"href":"https:\/\/akveninsaat.com.tr\/en\/wp-json\/wp\/v2\/types\/page"}],"author":[{"embeddable":true,"href":"https:\/\/akveninsaat.com.tr\/en\/wp-json\/wp\/v2\/users\/1"}],"replies":[{"embeddable":true,"href":"https:\/\/akveninsaat.com.tr\/en\/wp-json\/wp\/v2\/comments?post=990892"}],"version-history":[{"count":4,"href":"https:\/\/akveninsaat.com.tr\/en\/wp-json\/wp\/v2\/pages\/990892\/revisions"}],"predecessor-version":[{"id":991347,"href":"https:\/\/akveninsaat.com.tr\/en\/wp-json\/wp\/v2\/pages\/990892\/revisions\/991347"}],"wp:attachment":[{"href":"https:\/\/akveninsaat.com.tr\/en\/wp-json\/wp\/v2\/media?parent=990892"}],"curies":[{"name":"wp","href":"https:\/\/api.w.org\/{rel}","templated":true}]}}