{"id":991108,"date":"2025-08-19T08:37:30","date_gmt":"2025-08-19T08:37:30","guid":{"rendered":"https:\/\/akveninsaat.com.tr\/board-of-directors\/"},"modified":"2025-10-01T08:17:51","modified_gmt":"2025-10-01T08:17:51","slug":"board-of-directors","status":"publish","type":"page","link":"https:\/\/akveninsaat.com.tr\/en\/board-of-directors\/","title":{"rendered":"Board of Directors"},"content":{"rendered":"\t\t<div data-elementor-type=\"wp-page\" data-elementor-id=\"991108\" class=\"elementor elementor-991108 elementor-987827\" data-elementor-post-type=\"page\">\n\t\t\t\t<div class=\"elementor-element elementor-element-1ec234c e-flex e-con-boxed e-con e-parent\" data-id=\"1ec234c\" data-element_type=\"container\">\n\t\t\t\t\t<div class=\"e-con-inner\">\n\t\t<div class=\"elementor-element elementor-element-f572b44 e-con-full e-flex e-con e-child\" data-id=\"f572b44\" data-element_type=\"container\">\n\t\t<div class=\"elementor-element elementor-element-28817e7 e-con-full e-flex e-con e-child\" data-id=\"28817e7\" data-element_type=\"container\">\n\t\t<div class=\"elementor-element elementor-element-11e39f9 e-con-full elementor-hidden-mobile e-flex e-con e-child\" data-id=\"11e39f9\" data-element_type=\"container\">\n\t\t\t\t<\/div>\n\t\t<div class=\"elementor-element elementor-element-fdc560b e-con-full e-flex e-con e-child\" data-id=\"fdc560b\" data-element_type=\"container\">\n\t\t\t\t<div class=\"vamtam-has-theme-widget-styles elementor-element elementor-element-c313e00 elementor-widget elementor-widget-image\" data-id=\"c313e00\" data-element_type=\"widget\" data-widget_type=\"image.default\">\n\t\t\t\t\t\t\t\t\t<div class=\"elementor-image\">\n\t\t\t\t\t\t\t\t\t\t\t\t\t\t\t\t\t\t\t\t\t<img fetchpriority=\"high\" decoding=\"async\" width=\"768\" height=\"1024\" src=\"https:\/\/akveninsaat.com.tr\/wp-content\/uploads\/2025\/09\/Volkan-Gumus-768x1024.jpg\" class=\"attachment-large size-large wp-image-991109\" alt=\"\" srcset=\"https:\/\/akveninsaat.com.tr\/wp-content\/uploads\/2025\/09\/Volkan-Gumus-768x1024.jpg 768w, https:\/\/akveninsaat.com.tr\/wp-content\/uploads\/2025\/09\/Volkan-Gumus-225x300.jpg 225w, https:\/\/akveninsaat.com.tr\/wp-content\/uploads\/2025\/09\/Volkan-Gumus.jpg 1080w\" sizes=\"(max-width: 768px) 100vw, 768px\" \/>\t\t\t\t\t\t\t\t\t\t\t\t\t\t\t\t\t\t\t\t\t\t\t\t<\/div>\n\t\t\t\t\t\t\t\t<\/div>\n\t\t\t\t<div class=\"elementor-element elementor-element-7e862e8 elementor-widget elementor-widget-heading\" data-id=\"7e862e8\" data-element_type=\"widget\" data-widget_type=\"heading.default\">\n\t\t\t\t\t<h2 class=\"elementor-heading-title elementor-size-default\">Chairman of the Board<\/h2>\t\t\t\t<\/div>\n\t\t\t\t<div class=\"elementor-element elementor-element-2a43b92 elementor-widget elementor-widget-heading\" data-id=\"2a43b92\" data-element_type=\"widget\" data-widget_type=\"heading.default\">\n\t\t\t\t\t<h2 class=\"elementor-heading-title elementor-size-default\">Volkan G\u00dcM\u00dc\u015e<\/h2>\t\t\t\t<\/div>\n\t\t\t\t<\/div>\n\t\t<div class=\"elementor-element elementor-element-6d4c527 e-con-full e-flex e-con e-child\" data-id=\"6d4c527\" data-element_type=\"container\">\n\t\t\t\t<\/div>\n\t\t\t\t<\/div>\n\t\t<div class=\"elementor-element elementor-element-e5faf41 e-con-full e-flex e-con e-child\" data-id=\"e5faf41\" data-element_type=\"container\">\n\t\t<div class=\"elementor-element elementor-element-5354084 e-con-full e-flex e-con e-child\" data-id=\"5354084\" data-element_type=\"container\">\n\t\t\t\t<div class=\"vamtam-has-theme-widget-styles elementor-element elementor-element-c506aee elementor-widget elementor-widget-image\" data-id=\"c506aee\" data-element_type=\"widget\" data-widget_type=\"image.default\">\n\t\t\t\t\t\t\t\t\t<div class=\"elementor-image\">\n\t\t\t\t\t\t\t\t\t\t\t\t\t\t\t\t\t\t\t\t\t<img decoding=\"async\" width=\"768\" height=\"1024\" src=\"https:\/\/akveninsaat.com.tr\/wp-content\/uploads\/2025\/09\/Yasemin-Dincok-768x1024.jpg\" class=\"attachment-large size-large wp-image-991110\" alt=\"\" srcset=\"https:\/\/akveninsaat.com.tr\/wp-content\/uploads\/2025\/09\/Yasemin-Dincok-768x1024.jpg 768w, https:\/\/akveninsaat.com.tr\/wp-content\/uploads\/2025\/09\/Yasemin-Dincok-225x300.jpg 225w, https:\/\/akveninsaat.com.tr\/wp-content\/uploads\/2025\/09\/Yasemin-Dincok.jpg 1080w\" sizes=\"(max-width: 768px) 100vw, 768px\" \/>\t\t\t\t\t\t\t\t\t\t\t\t\t\t\t\t\t\t\t\t\t\t\t\t<\/div>\n\t\t\t\t\t\t\t\t<\/div>\n\t\t\t\t<div class=\"elementor-element elementor-element-533a845 elementor-widget elementor-widget-heading\" data-id=\"533a845\" data-element_type=\"widget\" data-widget_type=\"heading.default\">\n\t\t\t\t\t<h2 class=\"elementor-heading-title elementor-size-default\">Yasemin D\u0130N\u00c7OK\n<\/h2>\t\t\t\t<\/div>\n\t\t\t\t<div class=\"elementor-element elementor-element-c67cd4a elementor-widget elementor-widget-heading\" data-id=\"c67cd4a\" data-element_type=\"widget\" data-widget_type=\"heading.default\">\n\t\t\t\t\t<h2 class=\"elementor-heading-title elementor-size-default\">Marketing Director<\/h2>\t\t\t\t<\/div>\n\t\t\t\t<\/div>\n\t\t<div class=\"elementor-element elementor-element-b42765b e-con-full e-flex e-con e-child\" data-id=\"b42765b\" data-element_type=\"container\">\n\t\t\t\t<div class=\"elementor-element elementor-element-8d54294 elementor-widget elementor-widget-spacer\" data-id=\"8d54294\" data-element_type=\"widget\" data-widget_type=\"spacer.default\">\n\t\t\t\t\t\t\t<div class=\"elementor-spacer\">\n\t\t\t<div class=\"elementor-spacer-inner\"><\/div>\n\t\t<\/div>\n\t\t\t\t\t\t<\/div>\n\t\t\t\t<div class=\"elementor-element elementor-element-82a909a elementor-widget elementor-widget-heading\" data-id=\"82a909a\" data-element_type=\"widget\" data-widget_type=\"heading.default\">\n\t\t\t\t\t<h2 class=\"elementor-heading-title elementor-size-default\">Sales Director<\/h2>\t\t\t\t<\/div>\n\t\t\t\t<\/div>\n\t\t\t\t<\/div>\n\t\t<div class=\"elementor-element elementor-element-46fd33f e-con-full e-flex e-con e-child\" data-id=\"46fd33f\" data-element_type=\"container\">\n\t\t<div class=\"elementor-element elementor-element-3759656 e-con-full e-flex e-con e-child\" data-id=\"3759656\" data-element_type=\"container\">\n\t\t\t\t<div class=\"elementor-element elementor-element-e772663 elementor-widget elementor-widget-spacer\" data-id=\"e772663\" data-element_type=\"widget\" data-widget_type=\"spacer.default\">\n\t\t\t\t\t\t\t<div class=\"elementor-spacer\">\n\t\t\t<div class=\"elementor-spacer-inner\"><\/div>\n\t\t<\/div>\n\t\t\t\t\t\t<\/div>\n\t\t\t\t<div class=\"elementor-element elementor-element-e45710f elementor-widget elementor-widget-heading\" data-id=\"e45710f\" data-element_type=\"widget\" data-widget_type=\"heading.default\">\n\t\t\t\t\t<h2 class=\"elementor-heading-title elementor-size-default\">Birg\u00fcl G\u00dcM\u00dc\u015e\n<\/h2>\t\t\t\t<\/div>\n\t\t\t\t<div class=\"elementor-element elementor-element-358f5d4 elementor-widget elementor-widget-heading\" data-id=\"358f5d4\" data-element_type=\"widget\" data-widget_type=\"heading.default\">\n\t\t\t\t\t<h2 class=\"elementor-heading-title elementor-size-default\">Finance Director<\/h2>\t\t\t\t<\/div>\n\t\t\t\t<\/div>\n\t\t<div class=\"elementor-element elementor-element-3fa68d2 e-con-full e-flex e-con e-child\" data-id=\"3fa68d2\" data-element_type=\"container\">\n\t\t\t\t<div class=\"elementor-element elementor-element-d59cc4a elementor-widget elementor-widget-spacer\" data-id=\"d59cc4a\" data-element_type=\"widget\" data-widget_type=\"spacer.default\">\n\t\t\t\t\t\t\t<div class=\"elementor-spacer\">\n\t\t\t<div class=\"elementor-spacer-inner\"><\/div>\n\t\t<\/div>\n\t\t\t\t\t\t<\/div>\n\t\t\t\t<div class=\"elementor-element elementor-element-5ca5e37 elementor-widget elementor-widget-heading\" data-id=\"5ca5e37\" data-element_type=\"widget\" data-widget_type=\"heading.default\">\n\t\t\t\t\t<h2 class=\"elementor-heading-title elementor-size-default\">Technical Office Directorate<\/h2>\t\t\t\t<\/div>\n\t\t\t\t<\/div>\n\t\t\t\t<\/div>\n\t\t<div class=\"elementor-element elementor-element-756247a e-con-full e-flex e-con e-child\" data-id=\"756247a\" data-element_type=\"container\">\n\t\t<div class=\"elementor-element elementor-element-0130b26 e-con-full e-flex e-con e-child\" data-id=\"0130b26\" data-element_type=\"container\">\n\t\t\t\t<div class=\"elementor-element elementor-element-5c46d8d elementor-widget elementor-widget-spacer\" data-id=\"5c46d8d\" data-element_type=\"widget\" data-widget_type=\"spacer.default\">\n\t\t\t\t\t\t\t<div class=\"elementor-spacer\">\n\t\t\t<div class=\"elementor-spacer-inner\"><\/div>\n\t\t<\/div>\n\t\t\t\t\t\t<\/div>\n\t\t\t\t<div class=\"elementor-element elementor-element-05f0dde elementor-widget elementor-widget-heading\" data-id=\"05f0dde\" data-element_type=\"widget\" data-widget_type=\"heading.default\">\n\t\t\t\t\t<h2 class=\"elementor-heading-title elementor-size-default\">Project Development Directorate<\/h2>\t\t\t\t<\/div>\n\t\t\t\t<\/div>\n\t\t<div class=\"elementor-element elementor-element-404111f e-con-full e-flex e-con e-child\" data-id=\"404111f\" data-element_type=\"container\">\n\t\t\t\t<div class=\"elementor-element elementor-element-36b0e7a elementor-widget elementor-widget-spacer\" data-id=\"36b0e7a\" data-element_type=\"widget\" data-widget_type=\"spacer.default\">\n\t\t\t\t\t\t\t<div class=\"elementor-spacer\">\n\t\t\t<div class=\"elementor-spacer-inner\"><\/div>\n\t\t<\/div>\n\t\t\t\t\t\t<\/div>\n\t\t\t\t<div class=\"elementor-element elementor-element-3c0c4c2 elementor-widget elementor-widget-heading\" data-id=\"3c0c4c2\" data-element_type=\"widget\" data-widget_type=\"heading.default\">\n\t\t\t\t\t<h2 class=\"elementor-heading-title elementor-size-default\">Human Resources Director<\/h2>\t\t\t\t<\/div>\n\t\t\t\t<\/div>\n\t\t\t\t<\/div>\n\t\t\t\t<\/div>\n\t\t<div class=\"elementor-element elementor-element-961533b e-con-full e-flex e-con e-child\" data-id=\"961533b\" data-element_type=\"container\">\n\t\t<div class=\"elementor-element elementor-element-a45dc6b e-con-full e-flex e-con e-child\" data-id=\"a45dc6b\" data-element_type=\"container\" data-settings=\"{&quot;sticky&quot;:&quot;top&quot;,&quot;sticky_on&quot;:[&quot;desktop&quot;,&quot;tablet&quot;],&quot;sticky_offset&quot;:80,&quot;sticky_parent&quot;:&quot;yes&quot;,&quot;sticky_offset_tablet&quot;:70,&quot;sticky_effects_offset&quot;:0,&quot;sticky_anchor_link_offset&quot;:0}\">\n\t\t\t\t<div class=\"elementor-element elementor-element-59e5651 elementor-widget elementor-widget-heading\" data-id=\"59e5651\" data-element_type=\"widget\" data-widget_type=\"heading.default\">\n\t\t\t\t\t<h1 class=\"elementor-heading-title elementor-size-default\">Board of Directors<\/h1>\t\t\t\t<\/div>\n\t\t\t\t<div class=\"elementor-element elementor-element-ac4a315 elementor-widget__width-initial elementor-widget-mobile__width-inherit elementor-widget elementor-widget-heading\" data-id=\"ac4a315\" data-element_type=\"widget\" data-widget_type=\"heading.default\">\n\t\t\t\t\t<h2 class=\"elementor-heading-title elementor-size-default\">A Team Combining Vision and Experience<\/h2>\t\t\t\t<\/div>\n\t\t\t\t<div class=\"elementor-element elementor-element-0670741 elementor-widget elementor-widget-text-editor\" data-id=\"0670741\" data-element_type=\"widget\" data-widget_type=\"text-editor.default\">\n\t\t\t\t\t\t\t\t\t<p><span style=\"font-weight: 400;\">Behind <strong>Akven<\/strong>&#8216;s success is a strong leadership team that blends over 22 years of industry experience with a dynamic and innovative perspective. Our board of directors, each an expert in their field, brings not only engineering and architectural knowledge to our projects, but also a passion for shaping the future. Our shared goal is to build human-centered and sustainable living spaces that add value to Kocaeli and our country.<\/span><\/p>\t\t\t\t\t\t\t\t<\/div>\n\t\t\t\t<\/div>\n\t\t\t\t<\/div>\n\t\t\t\t\t<\/div>\n\t\t\t\t<\/div>\n\t\t\t\t<\/div>\n\t\t","protected":false},"excerpt":{"rendered":"<p>Chairman of the Board Volkan G\u00dcM\u00dc\u015e Yasemin D\u0130N\u00c7OK Marketing Director Sales Director Birg\u00fcl G\u00dcM\u00dc\u015e Finance Director Technical Office Directorate Project Development Directorate Human Resources Director Board of Directors A Team Combining Vision and Experience Behind Akven&#8216;s success is a strong leadership team that blends over 22 years of industry experience with a dynamic and innovative&#8230;<\/p>\n","protected":false},"author":1,"featured_media":0,"parent":0,"menu_order":0,"comment_status":"closed","ping_status":"closed","template":"elementor_header_footer","meta":{"_acf_changed":false,"footnotes":""},"class_list":["post-991108","page","type-page","status-publish","hentry"],"acf":[],"_links":{"self":[{"href":"https:\/\/akveninsaat.com.tr\/en\/wp-json\/wp\/v2\/pages\/991108","targetHints":{"allow":["GET"]}}],"collection":[{"href":"https:\/\/akveninsaat.com.tr\/en\/wp-json\/wp\/v2\/pages"}],"about":[{"href":"https:\/\/akveninsaat.com.tr\/en\/wp-json\/wp\/v2\/types\/page"}],"author":[{"embeddable":true,"href":"https:\/\/akveninsaat.com.tr\/en\/wp-json\/wp\/v2\/users\/1"}],"replies":[{"embeddable":true,"href":"https:\/\/akveninsaat.com.tr\/en\/wp-json\/wp\/v2\/comments?post=991108"}],"version-history":[{"count":1,"href":"https:\/\/akveninsaat.com.tr\/en\/wp-json\/wp\/v2\/pages\/991108\/revisions"}],"predecessor-version":[{"id":991111,"href":"https:\/\/akveninsaat.com.tr\/en\/wp-json\/wp\/v2\/pages\/991108\/revisions\/991111"}],"wp:attachment":[{"href":"https:\/\/akveninsaat.com.tr\/en\/wp-json\/wp\/v2\/media?parent=991108"}],"curies":[{"name":"wp","href":"https:\/\/api.w.org\/{rel}","templated":true}]}}