{"id":991112,"date":"2025-08-21T06:04:03","date_gmt":"2025-08-21T06:04:03","guid":{"rendered":"https:\/\/akveninsaat.com.tr\/projects\/"},"modified":"2025-10-01T08:17:51","modified_gmt":"2025-10-01T08:17:51","slug":"projects","status":"publish","type":"page","link":"https:\/\/akveninsaat.com.tr\/en\/projects\/","title":{"rendered":"Projects"},"content":{"rendered":"\t\t<div data-elementor-type=\"wp-page\" data-elementor-id=\"991112\" class=\"elementor elementor-991112 elementor-988177\" data-elementor-post-type=\"page\">\n\t\t\t\t<div class=\"elementor-element elementor-element-8d59bd8 e-flex e-con-boxed e-con e-parent\" data-id=\"8d59bd8\" data-element_type=\"container\">\n\t\t\t\t\t<div class=\"e-con-inner\">\n\t\t<div class=\"elementor-element elementor-element-67d69bd e-con-full e-flex e-con e-child\" data-id=\"67d69bd\" data-element_type=\"container\">\n\t\t\t\t<div class=\"elementor-element elementor-element-de39246 elementor-widget-mobile__width-inherit elementor-widget elementor-widget-heading\" data-id=\"de39246\" data-element_type=\"widget\" data-widget_type=\"heading.default\">\n\t\t\t\t\t<h6 class=\"elementor-heading-title elementor-size-default\">PROJECTS<\/h6>\t\t\t\t<\/div>\n\t\t\t\t<\/div>\n\t\t\t\t\t<\/div>\n\t\t\t\t<\/div>\n\t\t<div class=\"elementor-element elementor-element-69fb5a9 e-flex e-con-boxed e-con e-parent\" data-id=\"69fb5a9\" data-element_type=\"container\">\n\t\t\t\t\t<div class=\"e-con-inner\">\n\t\t\t\t<div class=\"elementor-element elementor-element-1cb147a e-n-tabs-none elementor-widget elementor-widget-n-tabs\" data-id=\"1cb147a\" data-element_type=\"widget\" data-settings=\"{&quot;horizontal_scroll_mobile&quot;:&quot;disable&quot;,&quot;horizontal_scroll&quot;:&quot;disable&quot;}\" data-widget_type=\"nested-tabs.default\">\n\t\t\t\t\t\t\t<div class=\"e-n-tabs\" data-widget-number=\"30086266\" aria-label=\"Tabs. Open items with Enter or Space, close with Escape and navigate using the Arrow keys.\">\n\t\t\t<div class=\"e-n-tabs-heading\" role=\"tablist\">\n\t\t\t\t\t<button id=\"e-n-tab-title-300862661\" class=\"e-n-tab-title\" aria-selected=\"true\" data-tab-index=\"1\" role=\"tab\" tabindex=\"0\" aria-controls=\"e-n-tab-content-300862661\" style=\"--n-tabs-title-order: 1;\">\n\t\t\t\t\t\t<span class=\"e-n-tab-title-text\">\n\t\t\t\tAll Projects\t\t\t<\/span>\n\t\t<\/button>\n\t\t\t\t<button id=\"e-n-tab-title-300862662\" class=\"e-n-tab-title\" aria-selected=\"false\" data-tab-index=\"2\" role=\"tab\" tabindex=\"-1\" aria-controls=\"e-n-tab-content-300862662\" style=\"--n-tabs-title-order: 2;\">\n\t\t\t\t\t\t<span class=\"e-n-tab-title-text\">\n\t\t\t\tOngoing Projects\t\t\t<\/span>\n\t\t<\/button>\n\t\t\t\t<button id=\"e-n-tab-title-300862663\" class=\"e-n-tab-title\" aria-selected=\"false\" data-tab-index=\"3\" role=\"tab\" tabindex=\"-1\" aria-controls=\"e-n-tab-content-300862663\" style=\"--n-tabs-title-order: 3;\">\n\t\t\t\t\t\t<span class=\"e-n-tab-title-text\">\n\t\t\t\tCompleted Projects\t\t\t<\/span>\n\t\t<\/button>\n\t\t\t\t\t<\/div>\n\t\t\t<div class=\"e-n-tabs-content\">\n\t\t\t\t<div id=\"e-n-tab-content-300862661\" role=\"tabpanel\" aria-labelledby=\"e-n-tab-title-300862661\" data-tab-index=\"1\" style=\"--n-tabs-title-order: 1;\" class=\"e-active elementor-element elementor-element-8a668bf e-con-full e-flex e-con e-child\" data-id=\"8a668bf\" data-element_type=\"container\">\n\t\t\t\t<div class=\"vamtam-has-theme-widget-styles elementor-element elementor-element-c2d3581 elementor-grid-3 elementor-grid-tablet-2 elementor-grid-mobile-1 elementor-widget elementor-widget-loop-grid\" data-id=\"c2d3581\" data-element_type=\"widget\" data-settings=\"{&quot;template_id&quot;:990869,&quot;row_gap_mobile&quot;:{&quot;unit&quot;:&quot;px&quot;,&quot;size&quot;:100,&quot;sizes&quot;:[]},&quot;_skin&quot;:&quot;post&quot;,&quot;columns&quot;:&quot;3&quot;,&quot;columns_tablet&quot;:&quot;2&quot;,&quot;columns_mobile&quot;:&quot;1&quot;,&quot;edit_handle_selector&quot;:&quot;[data-elementor-type=\\&quot;loop-item\\&quot;]&quot;,&quot;row_gap&quot;:{&quot;unit&quot;:&quot;px&quot;,&quot;size&quot;:&quot;&quot;,&quot;sizes&quot;:[]},&quot;row_gap_tablet&quot;:{&quot;unit&quot;:&quot;px&quot;,&quot;size&quot;:&quot;&quot;,&quot;sizes&quot;:[]}}\" data-widget_type=\"loop-grid.post\">\n\t\t\t\t<div class=\"elementor-widget-container\">\n\t\t\t\t\t\t\t<div class=\"elementor-loop-container elementor-grid\" role=\"list\">\n\t\t<style id=\"loop-990869\">.elementor-990869 .elementor-element.elementor-element-d3bed6a{--display:flex;--min-height:45px;--flex-direction:column;--container-widget-width:100%;--container-widget-height:initial;--container-widget-flex-grow:0;--container-widget-align-self:initial;--flex-wrap-mobile:wrap;--padding-top:0px;--padding-bottom:0px;--padding-left:0px;--padding-right:0px;}.elementor-990869 .elementor-element.elementor-element-2b763a2 img{height:450px;filter:brightness( 46% ) contrast( 100% ) saturate( 100% ) blur( 0px ) hue-rotate( 0deg );}.elementor-990869 .elementor-element.elementor-element-b01dbe9{margin:-350px 0px calc(var(--kit-widget-spacing, 0px) + 0px) 0px;text-align:center;}.elementor-990869 .elementor-element.elementor-element-b01dbe9 .elementor-heading-title{font-size:18px;color:#FFFFFF;}.elementor-990869 .elementor-element.elementor-element-6935cef .elementor-button{background-color:#02010100;fill:#FFFFFF;color:#FFFFFF;border-style:solid;border-width:1px 1px 1px 1px;border-color:#FFFFFF;}.elementor-990869 .elementor-element.elementor-element-6935cef{margin:40px 0px calc(var(--kit-widget-spacing, 0px) + 0px) 0px;}.elementor-990869 .elementor-element.elementor-element-6935cef .elementor-button-content-wrapper{flex-direction:row-reverse;}@media(max-width:767px){.elementor-990869 .elementor-element.elementor-element-d3bed6a{--padding-top:0px;--padding-bottom:20px;--padding-left:0px;--padding-right:0px;}.elementor-990869 .elementor-element.elementor-element-2b763a2 img{height:350px;}.elementor-990869 .elementor-element.elementor-element-b01dbe9{margin:-300px 0px calc(var(--kit-widget-spacing, 0px) + 0px) 0px;}}<\/style>\t\t<div data-elementor-type=\"loop-item\" data-elementor-id=\"990869\" class=\"elementor elementor-990869 elementor-988160 e-loop-item e-loop-item-990931 post-990931 projeler type-projeler status-publish has-post-thumbnail hentry proje-kategorisi-satisi-devam-eden-projeler\" data-elementor-post-type=\"elementor_library\" data-custom-edit-handle=\"1\">\n\t\t\t<div class=\"elementor-element elementor-element-d3bed6a e-flex e-con-boxed e-con e-parent\" data-id=\"d3bed6a\" data-element_type=\"container\">\n\t\t\t\t\t<div class=\"e-con-inner\">\n\t\t\t\t<div class=\"elementor-element elementor-element-2b763a2 elementor-widget elementor-widget-theme-post-featured-image elementor-widget-image\" data-id=\"2b763a2\" data-element_type=\"widget\" data-widget_type=\"theme-post-featured-image.default\">\n\t\t\t\t\t\t\t\t\t\t\t\t\t\t\t\t<a href=\"https:\/\/akveninsaat.com.tr\/en\/projeler\/akven-premium-office\/\">\n\t\t\t\t\t\t\t<img fetchpriority=\"high\" decoding=\"async\" width=\"1200\" height=\"900\" src=\"https:\/\/akveninsaat.com.tr\/wp-content\/uploads\/2025\/08\/akven-premium-office.webp\" class=\"attachment-full size-full wp-image-990932\" alt=\"\" srcset=\"https:\/\/akveninsaat.com.tr\/wp-content\/uploads\/2025\/08\/akven-premium-office.webp 1200w, https:\/\/akveninsaat.com.tr\/wp-content\/uploads\/2025\/08\/akven-premium-office-300x225.webp 300w, https:\/\/akveninsaat.com.tr\/wp-content\/uploads\/2025\/08\/akven-premium-office-1024x768.webp 1024w, https:\/\/akveninsaat.com.tr\/wp-content\/uploads\/2025\/08\/akven-premium-office-768x576.webp 768w\" sizes=\"(max-width: 1200px) 100vw, 1200px\" \/>\t\t\t\t\t\t\t\t<\/a>\n\t\t\t\t\t\t\t\t\t\t\t\t\t\t\t<\/div>\n\t\t\t\t<div class=\"elementor-element elementor-element-b01dbe9 elementor-widget elementor-widget-heading\" data-id=\"b01dbe9\" data-element_type=\"widget\" data-widget_type=\"heading.default\">\n\t\t\t\t\t<h2 class=\"elementor-heading-title elementor-size-default\"><span>Sat\u0131\u015f\u0131 Devam Eden Projeler<\/span><\/h2>\t\t\t\t<\/div>\n\t\t\t\t<div class=\"vamtam-has-theme-widget-styles elementor-element elementor-element-6935cef elementor-align-center vamtam-has-underline-anim elementor-widget elementor-widget-button\" data-id=\"6935cef\" data-element_type=\"widget\" data-widget_type=\"button.default\">\n\t\t\t\t\t\t\t\t\t\t<a class=\"elementor-button elementor-button-link elementor-size-sm elementor-animation-grow\" href=\"https:\/\/akveninsaat.com.tr\/en\/projeler\/akven-premium-office\/\">\n\t\t\t\t\t\t<span class=\"elementor-button-content-wrapper\">\n\t\t\t\t\t\t<span class=\"elementor-button-icon\">\n\t\t\t\t<i aria-hidden=\"true\" class=\"vamtamtheme- vamtam-theme-arrow-right\"><\/i>\t\t\t<\/span>\n\t\t\t\t\t\t\t\t\t<span class=\"elementor-button-text\">View Project<\/span>\n\t\t\t\t\t<\/span>\n\t\t\t\t\t<\/a>\n\t\t\t\t\t\t\t\t<\/div>\n\t\t\t\t\t<\/div>\n\t\t\t\t<\/div>\n\t\t\t\t<\/div>\n\t\t\t\t<div data-elementor-type=\"loop-item\" data-elementor-id=\"990869\" class=\"elementor elementor-990869 elementor-988160 e-loop-item e-loop-item-991119 post-991119 projeler type-projeler status-publish has-post-thumbnail hentry proje-kategorisi-tamamlanan-projeler\" data-elementor-post-type=\"elementor_library\" data-custom-edit-handle=\"1\">\n\t\t\t<div class=\"elementor-element elementor-element-d3bed6a e-flex e-con-boxed e-con e-parent\" data-id=\"d3bed6a\" data-element_type=\"container\">\n\t\t\t\t\t<div class=\"e-con-inner\">\n\t\t\t\t<div class=\"elementor-element elementor-element-2b763a2 elementor-widget elementor-widget-theme-post-featured-image elementor-widget-image\" data-id=\"2b763a2\" data-element_type=\"widget\" data-widget_type=\"theme-post-featured-image.default\">\n\t\t\t\t\t\t\t\t\t\t\t\t\t\t\t\t<a href=\"https:\/\/akveninsaat.com.tr\/en\/projeler\/akven-armoni-teras\/\">\n\t\t\t\t\t\t\t<img decoding=\"async\" width=\"1200\" height=\"900\" src=\"https:\/\/akveninsaat.com.tr\/wp-content\/uploads\/2025\/08\/akven-armoni-teras.webp\" class=\"attachment-full size-full wp-image-991120\" alt=\"\" srcset=\"https:\/\/akveninsaat.com.tr\/wp-content\/uploads\/2025\/08\/akven-armoni-teras.webp 1200w, https:\/\/akveninsaat.com.tr\/wp-content\/uploads\/2025\/08\/akven-armoni-teras-300x225.webp 300w, https:\/\/akveninsaat.com.tr\/wp-content\/uploads\/2025\/08\/akven-armoni-teras-1024x768.webp 1024w, https:\/\/akveninsaat.com.tr\/wp-content\/uploads\/2025\/08\/akven-armoni-teras-768x576.webp 768w\" sizes=\"(max-width: 1200px) 100vw, 1200px\" \/>\t\t\t\t\t\t\t\t<\/a>\n\t\t\t\t\t\t\t\t\t\t\t\t\t\t\t<\/div>\n\t\t\t\t<div class=\"elementor-element elementor-element-b01dbe9 elementor-widget elementor-widget-heading\" data-id=\"b01dbe9\" data-element_type=\"widget\" data-widget_type=\"heading.default\">\n\t\t\t\t\t<h2 class=\"elementor-heading-title elementor-size-default\"><span>Tamamlanan Projeler<\/span><\/h2>\t\t\t\t<\/div>\n\t\t\t\t<div class=\"vamtam-has-theme-widget-styles elementor-element elementor-element-6935cef elementor-align-center vamtam-has-underline-anim elementor-widget elementor-widget-button\" data-id=\"6935cef\" data-element_type=\"widget\" data-widget_type=\"button.default\">\n\t\t\t\t\t\t\t\t\t\t<a class=\"elementor-button elementor-button-link elementor-size-sm elementor-animation-grow\" href=\"https:\/\/akveninsaat.com.tr\/en\/projeler\/akven-armoni-teras\/\">\n\t\t\t\t\t\t<span class=\"elementor-button-content-wrapper\">\n\t\t\t\t\t\t<span class=\"elementor-button-icon\">\n\t\t\t\t<i aria-hidden=\"true\" class=\"vamtamtheme- vamtam-theme-arrow-right\"><\/i>\t\t\t<\/span>\n\t\t\t\t\t\t\t\t\t<span class=\"elementor-button-text\">View Project<\/span>\n\t\t\t\t\t<\/span>\n\t\t\t\t\t<\/a>\n\t\t\t\t\t\t\t\t<\/div>\n\t\t\t\t\t<\/div>\n\t\t\t\t<\/div>\n\t\t\t\t<\/div>\n\t\t\t\t<div data-elementor-type=\"loop-item\" data-elementor-id=\"990869\" class=\"elementor elementor-990869 elementor-988160 e-loop-item e-loop-item-990905 post-990905 projeler type-projeler status-publish has-post-thumbnail hentry proje-kategorisi-tamamlanan-projeler\" data-elementor-post-type=\"elementor_library\" data-custom-edit-handle=\"1\">\n\t\t\t<div class=\"elementor-element elementor-element-d3bed6a e-flex e-con-boxed e-con e-parent\" data-id=\"d3bed6a\" data-element_type=\"container\">\n\t\t\t\t\t<div class=\"e-con-inner\">\n\t\t\t\t<div class=\"elementor-element elementor-element-2b763a2 elementor-widget elementor-widget-theme-post-featured-image elementor-widget-image\" data-id=\"2b763a2\" data-element_type=\"widget\" data-widget_type=\"theme-post-featured-image.default\">\n\t\t\t\t\t\t\t\t\t\t\t\t\t\t\t\t<a href=\"https:\/\/akveninsaat.com.tr\/en\/projeler\/akven-armoni-3\/\">\n\t\t\t\t\t\t\t<img decoding=\"async\" width=\"1200\" height=\"900\" src=\"https:\/\/akveninsaat.com.tr\/wp-content\/uploads\/2025\/08\/akven-armoni-3.webp\" class=\"attachment-full size-full wp-image-990906\" alt=\"\" srcset=\"https:\/\/akveninsaat.com.tr\/wp-content\/uploads\/2025\/08\/akven-armoni-3.webp 1200w, https:\/\/akveninsaat.com.tr\/wp-content\/uploads\/2025\/08\/akven-armoni-3-300x225.webp 300w, https:\/\/akveninsaat.com.tr\/wp-content\/uploads\/2025\/08\/akven-armoni-3-1024x768.webp 1024w, https:\/\/akveninsaat.com.tr\/wp-content\/uploads\/2025\/08\/akven-armoni-3-768x576.webp 768w\" sizes=\"(max-width: 1200px) 100vw, 1200px\" \/>\t\t\t\t\t\t\t\t<\/a>\n\t\t\t\t\t\t\t\t\t\t\t\t\t\t\t<\/div>\n\t\t\t\t<div class=\"elementor-element elementor-element-b01dbe9 elementor-widget elementor-widget-heading\" data-id=\"b01dbe9\" data-element_type=\"widget\" data-widget_type=\"heading.default\">\n\t\t\t\t\t<h2 class=\"elementor-heading-title elementor-size-default\"><span>Tamamlanan Projeler<\/span><\/h2>\t\t\t\t<\/div>\n\t\t\t\t<div class=\"vamtam-has-theme-widget-styles elementor-element elementor-element-6935cef elementor-align-center vamtam-has-underline-anim elementor-widget elementor-widget-button\" data-id=\"6935cef\" data-element_type=\"widget\" data-widget_type=\"button.default\">\n\t\t\t\t\t\t\t\t\t\t<a class=\"elementor-button elementor-button-link elementor-size-sm elementor-animation-grow\" href=\"https:\/\/akveninsaat.com.tr\/en\/projeler\/akven-armoni-3\/\">\n\t\t\t\t\t\t<span class=\"elementor-button-content-wrapper\">\n\t\t\t\t\t\t<span class=\"elementor-button-icon\">\n\t\t\t\t<i aria-hidden=\"true\" class=\"vamtamtheme- vamtam-theme-arrow-right\"><\/i>\t\t\t<\/span>\n\t\t\t\t\t\t\t\t\t<span class=\"elementor-button-text\">View Project<\/span>\n\t\t\t\t\t<\/span>\n\t\t\t\t\t<\/a>\n\t\t\t\t\t\t\t\t<\/div>\n\t\t\t\t\t<\/div>\n\t\t\t\t<\/div>\n\t\t\t\t<\/div>\n\t\t\t\t<\/div>\n\t\t\n\t\t\t\t\t\t<\/div>\n\t\t\t\t<\/div>\n\t\t\t\t<\/div>\n\t\t<div id=\"e-n-tab-content-300862662\" role=\"tabpanel\" aria-labelledby=\"e-n-tab-title-300862662\" data-tab-index=\"2\" style=\"--n-tabs-title-order: 2;\" class=\" elementor-element elementor-element-e902fef e-con-full e-flex e-con e-child\" data-id=\"e902fef\" data-element_type=\"container\">\n\t\t\t\t<div class=\"vamtam-has-theme-widget-styles elementor-element elementor-element-3220252 elementor-grid-3 elementor-grid-tablet-2 elementor-grid-mobile-1 elementor-widget elementor-widget-loop-grid\" data-id=\"3220252\" data-element_type=\"widget\" data-settings=\"{&quot;template_id&quot;:990869,&quot;_skin&quot;:&quot;post&quot;,&quot;columns&quot;:&quot;3&quot;,&quot;columns_tablet&quot;:&quot;2&quot;,&quot;columns_mobile&quot;:&quot;1&quot;,&quot;edit_handle_selector&quot;:&quot;[data-elementor-type=\\&quot;loop-item\\&quot;]&quot;,&quot;row_gap&quot;:{&quot;unit&quot;:&quot;px&quot;,&quot;size&quot;:&quot;&quot;,&quot;sizes&quot;:[]},&quot;row_gap_tablet&quot;:{&quot;unit&quot;:&quot;px&quot;,&quot;size&quot;:&quot;&quot;,&quot;sizes&quot;:[]},&quot;row_gap_mobile&quot;:{&quot;unit&quot;:&quot;px&quot;,&quot;size&quot;:&quot;&quot;,&quot;sizes&quot;:[]}}\" data-widget_type=\"loop-grid.post\">\n\t\t\t\t<div class=\"elementor-widget-container\">\n\t\t\t\t\t\t\t<div class=\"elementor-loop-container elementor-grid\" role=\"list\">\n\t\t\t\t<div data-elementor-type=\"loop-item\" data-elementor-id=\"990869\" class=\"elementor elementor-990869 elementor-988160 e-loop-item e-loop-item-990931 post-990931 projeler type-projeler status-publish has-post-thumbnail hentry proje-kategorisi-satisi-devam-eden-projeler\" data-elementor-post-type=\"elementor_library\" data-custom-edit-handle=\"1\">\n\t\t\t<div class=\"elementor-element elementor-element-d3bed6a e-flex e-con-boxed e-con e-parent\" data-id=\"d3bed6a\" data-element_type=\"container\">\n\t\t\t\t\t<div class=\"e-con-inner\">\n\t\t\t\t<div class=\"elementor-element elementor-element-2b763a2 elementor-widget elementor-widget-theme-post-featured-image elementor-widget-image\" data-id=\"2b763a2\" data-element_type=\"widget\" data-widget_type=\"theme-post-featured-image.default\">\n\t\t\t\t\t\t\t\t\t\t\t\t\t\t\t\t<a href=\"https:\/\/akveninsaat.com.tr\/en\/projeler\/akven-premium-office\/\">\n\t\t\t\t\t\t\t<img fetchpriority=\"high\" decoding=\"async\" width=\"1200\" height=\"900\" src=\"https:\/\/akveninsaat.com.tr\/wp-content\/uploads\/2025\/08\/akven-premium-office.webp\" class=\"attachment-full size-full wp-image-990932\" alt=\"\" srcset=\"https:\/\/akveninsaat.com.tr\/wp-content\/uploads\/2025\/08\/akven-premium-office.webp 1200w, https:\/\/akveninsaat.com.tr\/wp-content\/uploads\/2025\/08\/akven-premium-office-300x225.webp 300w, https:\/\/akveninsaat.com.tr\/wp-content\/uploads\/2025\/08\/akven-premium-office-1024x768.webp 1024w, https:\/\/akveninsaat.com.tr\/wp-content\/uploads\/2025\/08\/akven-premium-office-768x576.webp 768w\" sizes=\"(max-width: 1200px) 100vw, 1200px\" \/>\t\t\t\t\t\t\t\t<\/a>\n\t\t\t\t\t\t\t\t\t\t\t\t\t\t\t<\/div>\n\t\t\t\t<div class=\"elementor-element elementor-element-b01dbe9 elementor-widget elementor-widget-heading\" data-id=\"b01dbe9\" data-element_type=\"widget\" data-widget_type=\"heading.default\">\n\t\t\t\t\t<h2 class=\"elementor-heading-title elementor-size-default\"><span>Sat\u0131\u015f\u0131 Devam Eden Projeler<\/span><\/h2>\t\t\t\t<\/div>\n\t\t\t\t<div class=\"vamtam-has-theme-widget-styles elementor-element elementor-element-6935cef elementor-align-center vamtam-has-underline-anim elementor-widget elementor-widget-button\" data-id=\"6935cef\" data-element_type=\"widget\" data-widget_type=\"button.default\">\n\t\t\t\t\t\t\t\t\t\t<a class=\"elementor-button elementor-button-link elementor-size-sm elementor-animation-grow\" href=\"https:\/\/akveninsaat.com.tr\/en\/projeler\/akven-premium-office\/\">\n\t\t\t\t\t\t<span class=\"elementor-button-content-wrapper\">\n\t\t\t\t\t\t<span class=\"elementor-button-icon\">\n\t\t\t\t<i aria-hidden=\"true\" class=\"vamtamtheme- vamtam-theme-arrow-right\"><\/i>\t\t\t<\/span>\n\t\t\t\t\t\t\t\t\t<span class=\"elementor-button-text\">View Project<\/span>\n\t\t\t\t\t<\/span>\n\t\t\t\t\t<\/a>\n\t\t\t\t\t\t\t\t<\/div>\n\t\t\t\t\t<\/div>\n\t\t\t\t<\/div>\n\t\t\t\t<\/div>\n\t\t\t\t<\/div>\n\t\t\n\t\t\t\t\t\t<\/div>\n\t\t\t\t<\/div>\n\t\t\t\t<\/div>\n\t\t<div id=\"e-n-tab-content-300862663\" role=\"tabpanel\" aria-labelledby=\"e-n-tab-title-300862663\" data-tab-index=\"3\" style=\"--n-tabs-title-order: 3;\" class=\" elementor-element elementor-element-3b512cb e-con-full e-flex e-con e-child\" data-id=\"3b512cb\" data-element_type=\"container\">\n\t\t\t\t<div class=\"vamtam-has-theme-widget-styles elementor-element elementor-element-efae7b3 elementor-grid-3 elementor-grid-tablet-2 elementor-grid-mobile-1 elementor-widget elementor-widget-loop-grid\" data-id=\"efae7b3\" data-element_type=\"widget\" data-settings=\"{&quot;template_id&quot;:990869,&quot;row_gap_mobile&quot;:{&quot;unit&quot;:&quot;px&quot;,&quot;size&quot;:100,&quot;sizes&quot;:[]},&quot;_skin&quot;:&quot;post&quot;,&quot;columns&quot;:&quot;3&quot;,&quot;columns_tablet&quot;:&quot;2&quot;,&quot;columns_mobile&quot;:&quot;1&quot;,&quot;edit_handle_selector&quot;:&quot;[data-elementor-type=\\&quot;loop-item\\&quot;]&quot;,&quot;row_gap&quot;:{&quot;unit&quot;:&quot;px&quot;,&quot;size&quot;:&quot;&quot;,&quot;sizes&quot;:[]},&quot;row_gap_tablet&quot;:{&quot;unit&quot;:&quot;px&quot;,&quot;size&quot;:&quot;&quot;,&quot;sizes&quot;:[]}}\" data-widget_type=\"loop-grid.post\">\n\t\t\t\t<div class=\"elementor-widget-container\">\n\t\t\t\t\t\t\t<div class=\"elementor-loop-container elementor-grid\" role=\"list\">\n\t\t\t\t<div data-elementor-type=\"loop-item\" data-elementor-id=\"990869\" class=\"elementor elementor-990869 elementor-988160 e-loop-item e-loop-item-991119 post-991119 projeler type-projeler status-publish has-post-thumbnail hentry proje-kategorisi-tamamlanan-projeler\" data-elementor-post-type=\"elementor_library\" data-custom-edit-handle=\"1\">\n\t\t\t<div class=\"elementor-element elementor-element-d3bed6a e-flex e-con-boxed e-con e-parent\" data-id=\"d3bed6a\" data-element_type=\"container\">\n\t\t\t\t\t<div class=\"e-con-inner\">\n\t\t\t\t<div class=\"elementor-element elementor-element-2b763a2 elementor-widget elementor-widget-theme-post-featured-image elementor-widget-image\" data-id=\"2b763a2\" data-element_type=\"widget\" data-widget_type=\"theme-post-featured-image.default\">\n\t\t\t\t\t\t\t\t\t\t\t\t\t\t\t\t<a href=\"https:\/\/akveninsaat.com.tr\/en\/projeler\/akven-armoni-teras\/\">\n\t\t\t\t\t\t\t<img decoding=\"async\" width=\"1200\" height=\"900\" src=\"https:\/\/akveninsaat.com.tr\/wp-content\/uploads\/2025\/08\/akven-armoni-teras.webp\" class=\"attachment-full size-full wp-image-991120\" alt=\"\" srcset=\"https:\/\/akveninsaat.com.tr\/wp-content\/uploads\/2025\/08\/akven-armoni-teras.webp 1200w, https:\/\/akveninsaat.com.tr\/wp-content\/uploads\/2025\/08\/akven-armoni-teras-300x225.webp 300w, https:\/\/akveninsaat.com.tr\/wp-content\/uploads\/2025\/08\/akven-armoni-teras-1024x768.webp 1024w, https:\/\/akveninsaat.com.tr\/wp-content\/uploads\/2025\/08\/akven-armoni-teras-768x576.webp 768w\" sizes=\"(max-width: 1200px) 100vw, 1200px\" \/>\t\t\t\t\t\t\t\t<\/a>\n\t\t\t\t\t\t\t\t\t\t\t\t\t\t\t<\/div>\n\t\t\t\t<div class=\"elementor-element elementor-element-b01dbe9 elementor-widget elementor-widget-heading\" data-id=\"b01dbe9\" data-element_type=\"widget\" data-widget_type=\"heading.default\">\n\t\t\t\t\t<h2 class=\"elementor-heading-title elementor-size-default\"><span>Tamamlanan Projeler<\/span><\/h2>\t\t\t\t<\/div>\n\t\t\t\t<div class=\"vamtam-has-theme-widget-styles elementor-element elementor-element-6935cef elementor-align-center vamtam-has-underline-anim elementor-widget elementor-widget-button\" data-id=\"6935cef\" data-element_type=\"widget\" data-widget_type=\"button.default\">\n\t\t\t\t\t\t\t\t\t\t<a class=\"elementor-button elementor-button-link elementor-size-sm elementor-animation-grow\" href=\"https:\/\/akveninsaat.com.tr\/en\/projeler\/akven-armoni-teras\/\">\n\t\t\t\t\t\t<span class=\"elementor-button-content-wrapper\">\n\t\t\t\t\t\t<span class=\"elementor-button-icon\">\n\t\t\t\t<i aria-hidden=\"true\" class=\"vamtamtheme- vamtam-theme-arrow-right\"><\/i>\t\t\t<\/span>\n\t\t\t\t\t\t\t\t\t<span class=\"elementor-button-text\">View Project<\/span>\n\t\t\t\t\t<\/span>\n\t\t\t\t\t<\/a>\n\t\t\t\t\t\t\t\t<\/div>\n\t\t\t\t\t<\/div>\n\t\t\t\t<\/div>\n\t\t\t\t<\/div>\n\t\t\t\t<div data-elementor-type=\"loop-item\" data-elementor-id=\"990869\" class=\"elementor elementor-990869 elementor-988160 e-loop-item e-loop-item-990905 post-990905 projeler type-projeler status-publish has-post-thumbnail hentry proje-kategorisi-tamamlanan-projeler\" data-elementor-post-type=\"elementor_library\" data-custom-edit-handle=\"1\">\n\t\t\t<div class=\"elementor-element elementor-element-d3bed6a e-flex e-con-boxed e-con e-parent\" data-id=\"d3bed6a\" data-element_type=\"container\">\n\t\t\t\t\t<div class=\"e-con-inner\">\n\t\t\t\t<div class=\"elementor-element elementor-element-2b763a2 elementor-widget elementor-widget-theme-post-featured-image elementor-widget-image\" data-id=\"2b763a2\" data-element_type=\"widget\" data-widget_type=\"theme-post-featured-image.default\">\n\t\t\t\t\t\t\t\t\t\t\t\t\t\t\t\t<a href=\"https:\/\/akveninsaat.com.tr\/en\/projeler\/akven-armoni-3\/\">\n\t\t\t\t\t\t\t<img decoding=\"async\" width=\"1200\" height=\"900\" src=\"https:\/\/akveninsaat.com.tr\/wp-content\/uploads\/2025\/08\/akven-armoni-3.webp\" class=\"attachment-full size-full wp-image-990906\" alt=\"\" srcset=\"https:\/\/akveninsaat.com.tr\/wp-content\/uploads\/2025\/08\/akven-armoni-3.webp 1200w, https:\/\/akveninsaat.com.tr\/wp-content\/uploads\/2025\/08\/akven-armoni-3-300x225.webp 300w, https:\/\/akveninsaat.com.tr\/wp-content\/uploads\/2025\/08\/akven-armoni-3-1024x768.webp 1024w, https:\/\/akveninsaat.com.tr\/wp-content\/uploads\/2025\/08\/akven-armoni-3-768x576.webp 768w\" sizes=\"(max-width: 1200px) 100vw, 1200px\" \/>\t\t\t\t\t\t\t\t<\/a>\n\t\t\t\t\t\t\t\t\t\t\t\t\t\t\t<\/div>\n\t\t\t\t<div class=\"elementor-element elementor-element-b01dbe9 elementor-widget elementor-widget-heading\" data-id=\"b01dbe9\" data-element_type=\"widget\" data-widget_type=\"heading.default\">\n\t\t\t\t\t<h2 class=\"elementor-heading-title elementor-size-default\"><span>Tamamlanan Projeler<\/span><\/h2>\t\t\t\t<\/div>\n\t\t\t\t<div class=\"vamtam-has-theme-widget-styles elementor-element elementor-element-6935cef elementor-align-center vamtam-has-underline-anim elementor-widget elementor-widget-button\" data-id=\"6935cef\" data-element_type=\"widget\" data-widget_type=\"button.default\">\n\t\t\t\t\t\t\t\t\t\t<a class=\"elementor-button elementor-button-link elementor-size-sm elementor-animation-grow\" href=\"https:\/\/akveninsaat.com.tr\/en\/projeler\/akven-armoni-3\/\">\n\t\t\t\t\t\t<span class=\"elementor-button-content-wrapper\">\n\t\t\t\t\t\t<span class=\"elementor-button-icon\">\n\t\t\t\t<i aria-hidden=\"true\" class=\"vamtamtheme- vamtam-theme-arrow-right\"><\/i>\t\t\t<\/span>\n\t\t\t\t\t\t\t\t\t<span class=\"elementor-button-text\">View Project<\/span>\n\t\t\t\t\t<\/span>\n\t\t\t\t\t<\/a>\n\t\t\t\t\t\t\t\t<\/div>\n\t\t\t\t\t<\/div>\n\t\t\t\t<\/div>\n\t\t\t\t<\/div>\n\t\t\t\t<\/div>\n\t\t\n\t\t\t\t\t\t<\/div>\n\t\t\t\t<\/div>\n\t\t\t\t<\/div>\n\t\t\t\t\t<\/div>\n\t\t<\/div>\n\t\t\t\t\t\t<\/div>\n\t\t\t\t\t<\/div>\n\t\t\t\t<\/div>\n\t\t\t\t<\/div>\n\t\t","protected":false},"excerpt":{"rendered":"<p>We offer interior design services for both residential and commercial spaces, ranging from small-scale updates to large, full-scope projects. We work exclusively with licensed contractors and are happy to provide free estimates.  <\/p>\n","protected":false},"author":1,"featured_media":0,"parent":0,"menu_order":0,"comment_status":"closed","ping_status":"closed","template":"elementor_header_footer","meta":{"_acf_changed":false,"footnotes":""},"class_list":["post-991112","page","type-page","status-publish","hentry"],"acf":[],"_links":{"self":[{"href":"https:\/\/akveninsaat.com.tr\/en\/wp-json\/wp\/v2\/pages\/991112","targetHints":{"allow":["GET"]}}],"collection":[{"href":"https:\/\/akveninsaat.com.tr\/en\/wp-json\/wp\/v2\/pages"}],"about":[{"href":"https:\/\/akveninsaat.com.tr\/en\/wp-json\/wp\/v2\/types\/page"}],"author":[{"embeddable":true,"href":"https:\/\/akveninsaat.com.tr\/en\/wp-json\/wp\/v2\/users\/1"}],"replies":[{"embeddable":true,"href":"https:\/\/akveninsaat.com.tr\/en\/wp-json\/wp\/v2\/comments?post=991112"}],"version-history":[{"count":2,"href":"https:\/\/akveninsaat.com.tr\/en\/wp-json\/wp\/v2\/pages\/991112\/revisions"}],"predecessor-version":[{"id":991117,"href":"https:\/\/akveninsaat.com.tr\/en\/wp-json\/wp\/v2\/pages\/991112\/revisions\/991117"}],"wp:attachment":[{"href":"https:\/\/akveninsaat.com.tr\/en\/wp-json\/wp\/v2\/media?parent=991112"}],"curies":[{"name":"wp","href":"https:\/\/api.w.org\/{rel}","templated":true}]}}